{"id":160,"date":"2019-11-08T22:18:20","date_gmt":"2019-11-09T03:18:20","guid":{"rendered":"http:\/\/corbanaexport.co\/?page_id=160"},"modified":"2021-06-01T12:15:11","modified_gmt":"2021-06-01T17:15:11","slug":"quienes-somos","status":"publish","type":"page","link":"https:\/\/corbanaexport.co\/en\/quienes-somos\/","title":{"rendered":"Qui\u00e9nes Somos"},"content":{"rendered":"<div data-elementor-type=\"wp-page\" data-elementor-id=\"160\" class=\"elementor elementor-160\">\n\t\t\t\t\t\t<section class=\"elementor-section elementor-top-section elementor-element elementor-element-71d2ed63 elementor-section-boxed elementor-section-height-default elementor-section-height-default\" data-id=\"71d2ed63\" data-element_type=\"section\">\n\t\t\t\t\t\t<div class=\"elementor-container elementor-column-gap-default\">\n\t\t\t\t\t<div class=\"elementor-column elementor-col-50 elementor-top-column elementor-element elementor-element-fa4612e\" data-id=\"fa4612e\" data-element_type=\"column\">\n\t\t\t<div class=\"elementor-widget-wrap elementor-element-populated\">\n\t\t\t\t\t\t<div class=\"elementor-element elementor-element-563c0f7 elementor-widget elementor-widget-image\" data-id=\"563c0f7\" data-element_type=\"widget\" data-widget_type=\"image.default\">\n\t\t\t\t<div class=\"elementor-widget-container\">\n\t\t\t\t\t\t\t\t\t\t\t\t\t\t\t<img fetchpriority=\"high\" decoding=\"async\" width=\"768\" height=\"1024\" src=\"https:\/\/corbanaexport.co\/wp-content\/uploads\/2021\/06\/IMG_20201125_115855-768x1024.jpg\" class=\"attachment-large size-large wp-image-651\" alt=\"\" srcset=\"https:\/\/corbanaexport.co\/wp-content\/uploads\/2021\/06\/IMG_20201125_115855-768x1024.jpg 768w, https:\/\/corbanaexport.co\/wp-content\/uploads\/2021\/06\/IMG_20201125_115855-225x300.jpg 225w, https:\/\/corbanaexport.co\/wp-content\/uploads\/2021\/06\/IMG_20201125_115855-1152x1536.jpg 1152w, https:\/\/corbanaexport.co\/wp-content\/uploads\/2021\/06\/IMG_20201125_115855-rotated.jpg 1500w\" sizes=\"(max-width: 768px) 100vw, 768px\" \/>\t\t\t\t\t\t\t\t\t\t\t\t\t\t\t<\/div>\n\t\t\t\t<\/div>\n\t\t\t\t\t<\/div>\n\t\t<\/div>\n\t\t\t\t<div class=\"elementor-column elementor-col-50 elementor-top-column elementor-element elementor-element-5170519\" data-id=\"5170519\" data-element_type=\"column\">\n\t\t\t<div class=\"elementor-widget-wrap elementor-element-populated\">\n\t\t\t\t\t\t<div class=\"elementor-element elementor-element-b7f7dba elementor-widget elementor-widget-text-editor\" data-id=\"b7f7dba\" data-element_type=\"widget\" data-widget_type=\"text-editor.default\">\n\t\t\t\t<div class=\"elementor-widget-container\">\n\t\t\t\t\t\t\t\t\t<p><\/p>\n<p>We are a corporation located in the Urab\u00e1 region, born of a \"family business\" dedicated to the production and export of bananas of the highest quality; committed to the transparent and sustainable administration of the resources acquired through the Fairtrade premium; which are invested in the generation of a social impact, materialized in projects of housing, education, sports, environment and intervention to the community.<\/p>\n<p><\/p>\n<p><\/p>\n<h3 class=\"has-text-align-center wp-block-heading\"><strong>ESTRATEGIA<br>CORBANAEXPORT<\/strong><\/h3>\n<p><\/p>\n<p><\/p>\n<h3 class=\"wp-block-heading\"><strong>MISI\u00d3N<br><\/strong><\/h3>\n<p><\/p>\n<p><\/p>\n<p>CORBANEXPORT,<br>es una entidad sin \u00e1nimo de lucro, enfocada al mejoramiento de la calidad de&nbsp;vida de sus corporados, familias y comunidades, a trav\u00e9s de la realizaci\u00f3n de proyectos&nbsp;sociales enfocados a la generaci\u00f3n de bienestar y desarrollo, reducci\u00f3n de la&nbsp;pobreza, protecci\u00f3n del medio ambiente y crecimiento sostenible de la regi\u00f3n de&nbsp;<span style=\"color: var( --e-global-color-text );\">Urab\u00e1, con condiciones justas y equitativas para todos.<\/span><\/p>\n<p><\/p>\n<p><\/p>\n<h3 class=\"wp-block-heading\"><strong>VISI\u00d3N<\/strong><\/h3>\n<p><\/p>\n<p><\/p>\n<p>Para<br>el a\u00f1o 2030, ser la corporaci\u00f3n de trabajadores Fairtrade con mayor&nbsp;reconocimiento a nivel regional, nacional e internacional por su transparencia&nbsp;en el manejo de los recursos, el fortalecimiento y mejoramiento de la calidad&nbsp;de vida de sus corporados, familias, comunidades y sus pr\u00e1cticas ambientalmente&nbsp;sostenibles.&nbsp;<\/p>\n<p><\/p>\t\t\t\t\t\t\t\t<\/div>\n\t\t\t\t<\/div>\n\t\t\t\t\t<\/div>\n\t\t<\/div>\n\t\t\t\t\t<\/div>\n\t\t<\/section>\n\t\t\t\t<section class=\"elementor-section elementor-top-section elementor-element elementor-element-cd9f3df elementor-section-boxed elementor-section-height-default elementor-section-height-default\" data-id=\"cd9f3df\" data-element_type=\"section\" data-settings=\"{&quot;background_background&quot;:&quot;classic&quot;}\">\n\t\t\t\t\t\t<div class=\"elementor-container elementor-column-gap-default\">\n\t\t\t\t\t<div class=\"elementor-column elementor-col-100 elementor-top-column elementor-element elementor-element-04d68a9\" data-id=\"04d68a9\" data-element_type=\"column\">\n\t\t\t<div class=\"elementor-widget-wrap elementor-element-populated\">\n\t\t\t\t\t\t<div class=\"elementor-element elementor-element-2f8101c elementor-widget elementor-widget-heading\" data-id=\"2f8101c\" data-element_type=\"widget\" data-widget_type=\"heading.default\">\n\t\t\t\t<div class=\"elementor-widget-container\">\n\t\t\t\t\t<h3 class=\"elementor-heading-title elementor-size-default\">NUESTROS VALORES<\/h3>\t\t\t\t<\/div>\n\t\t\t\t<\/div>\n\t\t\t\t<div class=\"elementor-element elementor-element-dc65a3c elementor-icon-list--layout-inline elementor-align-center elementor-list-item-link-full_width elementor-widget elementor-widget-icon-list\" data-id=\"dc65a3c\" data-element_type=\"widget\" data-widget_type=\"icon-list.default\">\n\t\t\t\t<div class=\"elementor-widget-container\">\n\t\t\t\t\t\t\t<ul class=\"elementor-icon-list-items elementor-inline-items\">\n\t\t\t\t\t\t\t<li class=\"elementor-icon-list-item elementor-inline-item\">\n\t\t\t\t\t\t\t\t\t\t\t<span class=\"elementor-icon-list-icon\">\n\t\t\t\t\t\t\t<i aria-hidden=\"true\" class=\"fas fa-check\"><\/i>\t\t\t\t\t\t<\/span>\n\t\t\t\t\t\t\t\t\t\t<span class=\"elementor-icon-list-text\">Compromiso<\/span>\n\t\t\t\t\t\t\t\t\t<\/li>\n\t\t\t\t\t\t\t\t<li class=\"elementor-icon-list-item elementor-inline-item\">\n\t\t\t\t\t\t\t\t\t\t\t<span class=\"elementor-icon-list-icon\">\n\t\t\t\t\t\t\t<i aria-hidden=\"true\" class=\"fas fa-check\"><\/i>\t\t\t\t\t\t<\/span>\n\t\t\t\t\t\t\t\t\t\t<span class=\"elementor-icon-list-text\">Equidad<\/span>\n\t\t\t\t\t\t\t\t\t<\/li>\n\t\t\t\t\t\t\t\t<li class=\"elementor-icon-list-item elementor-inline-item\">\n\t\t\t\t\t\t\t\t\t\t\t<span class=\"elementor-icon-list-icon\">\n\t\t\t\t\t\t\t<i aria-hidden=\"true\" class=\"fas fa-check\"><\/i>\t\t\t\t\t\t<\/span>\n\t\t\t\t\t\t\t\t\t\t<span class=\"elementor-icon-list-text\">Integridad<\/span>\n\t\t\t\t\t\t\t\t\t<\/li>\n\t\t\t\t\t\t\t\t<li class=\"elementor-icon-list-item elementor-inline-item\">\n\t\t\t\t\t\t\t\t\t\t\t<span class=\"elementor-icon-list-icon\">\n\t\t\t\t\t\t\t<i aria-hidden=\"true\" class=\"fas fa-check\"><\/i>\t\t\t\t\t\t<\/span>\n\t\t\t\t\t\t\t\t\t\t<span class=\"elementor-icon-list-text\">Responsabilidad Social<\/span>\n\t\t\t\t\t\t\t\t\t<\/li>\n\t\t\t\t\t\t\t\t<li class=\"elementor-icon-list-item elementor-inline-item\">\n\t\t\t\t\t\t\t\t\t\t\t<span class=\"elementor-icon-list-icon\">\n\t\t\t\t\t\t\t<i aria-hidden=\"true\" class=\"fas fa-check\"><\/i>\t\t\t\t\t\t<\/span>\n\t\t\t\t\t\t\t\t\t\t<span class=\"elementor-icon-list-text\">Solidaridad<\/span>\n\t\t\t\t\t\t\t\t\t<\/li>\n\t\t\t\t\t\t\t\t<li class=\"elementor-icon-list-item elementor-inline-item\">\n\t\t\t\t\t\t\t\t\t\t\t<span class=\"elementor-icon-list-icon\">\n\t\t\t\t\t\t\t<i aria-hidden=\"true\" class=\"fas fa-check\"><\/i>\t\t\t\t\t\t<\/span>\n\t\t\t\t\t\t\t\t\t\t<span class=\"elementor-icon-list-text\">Transparencia<\/span>\n\t\t\t\t\t\t\t\t\t<\/li>\n\t\t\t\t\t\t<\/ul>\n\t\t\t\t\t\t<\/div>\n\t\t\t\t<\/div>\n\t\t\t\t\t<\/div>\n\t\t<\/div>\n\t\t\t\t\t<\/div>\n\t\t<\/section>\n\t\t\t\t<\/div>","protected":false},"excerpt":{"rendered":"<p>Somos una corporaci\u00f3n ubicada en la regi\u00f3n de Urab\u00e1, naciente de una \u201cempresa familiar\u201d dedicada a la producci\u00f3n y exportaci\u00f3n de banano de la mas alta calidad; comprometida con la administraci\u00f3n transparente y sostenible de los recursos adquiridos a trav\u00e9s de la prima Fairtrade; los cuales son invertidos en la generaci\u00f3n de un impacto social, [&hellip;]<\/p>","protected":false},"author":1,"featured_media":0,"parent":0,"menu_order":0,"comment_status":"closed","ping_status":"closed","template":"","meta":{"_eb_attr":"","footnotes":""},"class_list":["post-160","page","type-page","status-publish","hentry"],"yoast_head":"<!-- This site is optimized with the Yoast SEO plugin v25.3.1 - https:\/\/yoast.com\/wordpress\/plugins\/seo\/ -->\n<title>Qui\u00e9nes Somos | Corbanaexport<\/title>\n<meta name=\"robots\" content=\"index, follow, max-snippet:-1, max-image-preview:large, max-video-preview:-1\" \/>\n<link rel=\"canonical\" href=\"https:\/\/corbanaexport.co\/en\/quienes-somos\/\" \/>\n<meta property=\"og:locale\" content=\"en_US\" \/>\n<meta property=\"og:type\" content=\"article\" \/>\n<meta property=\"og:title\" content=\"Qui\u00e9nes Somos | Corbanaexport\" \/>\n<meta property=\"og:description\" content=\"Somos una corporaci\u00f3n ubicada en la regi\u00f3n de Urab\u00e1, naciente de una \u201cempresa familiar\u201d dedicada a la producci\u00f3n y exportaci\u00f3n de banano de la mas alta calidad; comprometida con la administraci\u00f3n transparente y sostenible de los recursos adquiridos a trav\u00e9s de la prima Fairtrade; los cuales son invertidos en la generaci\u00f3n de un impacto social, [&hellip;]\" \/>\n<meta property=\"og:url\" content=\"https:\/\/corbanaexport.co\/en\/quienes-somos\/\" \/>\n<meta property=\"og:site_name\" content=\"Corbanaexport\" \/>\n<meta property=\"article:modified_time\" content=\"2021-06-01T17:15:11+00:00\" \/>\n<meta property=\"og:image\" content=\"http:\/\/corbanaexport.co\/wp-content\/uploads\/2021\/06\/IMG_20201125_115855-768x1024.jpg\" \/>\n<meta name=\"twitter:card\" content=\"summary_large_image\" \/>\n<meta name=\"twitter:label1\" content=\"Est. reading time\" \/>\n\t<meta name=\"twitter:data1\" content=\"1 minute\" \/>\n<script type=\"application\/ld+json\" class=\"yoast-schema-graph\">{\"@context\":\"https:\/\/schema.org\",\"@graph\":[{\"@type\":\"WebPage\",\"@id\":\"https:\/\/corbanaexport.co\/quienes-somos\/\",\"url\":\"https:\/\/corbanaexport.co\/quienes-somos\/\",\"name\":\"Qui\u00e9nes Somos | Corbanaexport\",\"isPartOf\":{\"@id\":\"https:\/\/corbanaexport.co\/#website\"},\"primaryImageOfPage\":{\"@id\":\"https:\/\/corbanaexport.co\/quienes-somos\/#primaryimage\"},\"image\":{\"@id\":\"https:\/\/corbanaexport.co\/quienes-somos\/#primaryimage\"},\"thumbnailUrl\":\"http:\/\/corbanaexport.co\/wp-content\/uploads\/2021\/06\/IMG_20201125_115855-768x1024.jpg\",\"datePublished\":\"2019-11-09T03:18:20+00:00\",\"dateModified\":\"2021-06-01T17:15:11+00:00\",\"breadcrumb\":{\"@id\":\"https:\/\/corbanaexport.co\/quienes-somos\/#breadcrumb\"},\"inLanguage\":\"en-US\",\"potentialAction\":[{\"@type\":\"ReadAction\",\"target\":[\"https:\/\/corbanaexport.co\/quienes-somos\/\"]}]},{\"@type\":\"ImageObject\",\"inLanguage\":\"en-US\",\"@id\":\"https:\/\/corbanaexport.co\/quienes-somos\/#primaryimage\",\"url\":\"http:\/\/corbanaexport.co\/wp-content\/uploads\/2021\/06\/IMG_20201125_115855-768x1024.jpg\",\"contentUrl\":\"http:\/\/corbanaexport.co\/wp-content\/uploads\/2021\/06\/IMG_20201125_115855-768x1024.jpg\"},{\"@type\":\"BreadcrumbList\",\"@id\":\"https:\/\/corbanaexport.co\/quienes-somos\/#breadcrumb\",\"itemListElement\":[{\"@type\":\"ListItem\",\"position\":1,\"name\":\"Portada\",\"item\":\"https:\/\/corbanaexport.co\/\"},{\"@type\":\"ListItem\",\"position\":2,\"name\":\"Qui\u00e9nes Somos\"}]},{\"@type\":\"WebSite\",\"@id\":\"https:\/\/corbanaexport.co\/#website\",\"url\":\"https:\/\/corbanaexport.co\/\",\"name\":\"Corbanaexport\",\"description\":\"Cultivando futuro\",\"publisher\":{\"@id\":\"https:\/\/corbanaexport.co\/#organization\"},\"potentialAction\":[{\"@type\":\"SearchAction\",\"target\":{\"@type\":\"EntryPoint\",\"urlTemplate\":\"https:\/\/corbanaexport.co\/?s={search_term_string}\"},\"query-input\":{\"@type\":\"PropertyValueSpecification\",\"valueRequired\":true,\"valueName\":\"search_term_string\"}}],\"inLanguage\":\"en-US\"},{\"@type\":\"Organization\",\"@id\":\"https:\/\/corbanaexport.co\/#organization\",\"name\":\"Corbanaexport\",\"url\":\"https:\/\/corbanaexport.co\/\",\"logo\":{\"@type\":\"ImageObject\",\"inLanguage\":\"en-US\",\"@id\":\"https:\/\/corbanaexport.co\/#\/schema\/logo\/image\/\",\"url\":\"http:\/\/corbanaexport.co\/wp-content\/uploads\/2019\/10\/logo_corbanaexport.png\",\"contentUrl\":\"http:\/\/corbanaexport.co\/wp-content\/uploads\/2019\/10\/logo_corbanaexport.png\",\"width\":306,\"height\":198,\"caption\":\"Corbanaexport\"},\"image\":{\"@id\":\"https:\/\/corbanaexport.co\/#\/schema\/logo\/image\/\"}}]}<\/script>\n<!-- \/ Yoast SEO plugin. -->","yoast_head_json":{"title":"Qui\u00e9nes Somos | Corbanaexport","robots":{"index":"index","follow":"follow","max-snippet":"max-snippet:-1","max-image-preview":"max-image-preview:large","max-video-preview":"max-video-preview:-1"},"canonical":"https:\/\/corbanaexport.co\/en\/quienes-somos\/","og_locale":"en_US","og_type":"article","og_title":"Qui\u00e9nes Somos | Corbanaexport","og_description":"Somos una corporaci\u00f3n ubicada en la regi\u00f3n de Urab\u00e1, naciente de una \u201cempresa familiar\u201d dedicada a la producci\u00f3n y exportaci\u00f3n de banano de la mas alta calidad; comprometida con la administraci\u00f3n transparente y sostenible de los recursos adquiridos a trav\u00e9s de la prima Fairtrade; los cuales son invertidos en la generaci\u00f3n de un impacto social, [&hellip;]","og_url":"https:\/\/corbanaexport.co\/en\/quienes-somos\/","og_site_name":"Corbanaexport","article_modified_time":"2021-06-01T17:15:11+00:00","og_image":[{"url":"http:\/\/corbanaexport.co\/wp-content\/uploads\/2021\/06\/IMG_20201125_115855-768x1024.jpg","type":"","width":"","height":""}],"twitter_card":"summary_large_image","twitter_misc":{"Est. reading time":"1 minute"},"schema":{"@context":"https:\/\/schema.org","@graph":[{"@type":"WebPage","@id":"https:\/\/corbanaexport.co\/quienes-somos\/","url":"https:\/\/corbanaexport.co\/quienes-somos\/","name":"Qui\u00e9nes Somos | Corbanaexport","isPartOf":{"@id":"https:\/\/corbanaexport.co\/#website"},"primaryImageOfPage":{"@id":"https:\/\/corbanaexport.co\/quienes-somos\/#primaryimage"},"image":{"@id":"https:\/\/corbanaexport.co\/quienes-somos\/#primaryimage"},"thumbnailUrl":"http:\/\/corbanaexport.co\/wp-content\/uploads\/2021\/06\/IMG_20201125_115855-768x1024.jpg","datePublished":"2019-11-09T03:18:20+00:00","dateModified":"2021-06-01T17:15:11+00:00","breadcrumb":{"@id":"https:\/\/corbanaexport.co\/quienes-somos\/#breadcrumb"},"inLanguage":"en-US","potentialAction":[{"@type":"ReadAction","target":["https:\/\/corbanaexport.co\/quienes-somos\/"]}]},{"@type":"ImageObject","inLanguage":"en-US","@id":"https:\/\/corbanaexport.co\/quienes-somos\/#primaryimage","url":"http:\/\/corbanaexport.co\/wp-content\/uploads\/2021\/06\/IMG_20201125_115855-768x1024.jpg","contentUrl":"http:\/\/corbanaexport.co\/wp-content\/uploads\/2021\/06\/IMG_20201125_115855-768x1024.jpg"},{"@type":"BreadcrumbList","@id":"https:\/\/corbanaexport.co\/quienes-somos\/#breadcrumb","itemListElement":[{"@type":"ListItem","position":1,"name":"Portada","item":"https:\/\/corbanaexport.co\/"},{"@type":"ListItem","position":2,"name":"Qui\u00e9nes Somos"}]},{"@type":"WebSite","@id":"https:\/\/corbanaexport.co\/#website","url":"https:\/\/corbanaexport.co\/","name":"Corbanaexport","description":"Cultivando futuro","publisher":{"@id":"https:\/\/corbanaexport.co\/#organization"},"potentialAction":[{"@type":"SearchAction","target":{"@type":"EntryPoint","urlTemplate":"https:\/\/corbanaexport.co\/?s={search_term_string}"},"query-input":{"@type":"PropertyValueSpecification","valueRequired":true,"valueName":"search_term_string"}}],"inLanguage":"en-US"},{"@type":"Organization","@id":"https:\/\/corbanaexport.co\/#organization","name":"Corbanaexport","url":"https:\/\/corbanaexport.co\/","logo":{"@type":"ImageObject","inLanguage":"en-US","@id":"https:\/\/corbanaexport.co\/#\/schema\/logo\/image\/","url":"http:\/\/corbanaexport.co\/wp-content\/uploads\/2019\/10\/logo_corbanaexport.png","contentUrl":"http:\/\/corbanaexport.co\/wp-content\/uploads\/2019\/10\/logo_corbanaexport.png","width":306,"height":198,"caption":"Corbanaexport"},"image":{"@id":"https:\/\/corbanaexport.co\/#\/schema\/logo\/image\/"}}]}},"_links":{"self":[{"href":"https:\/\/corbanaexport.co\/en\/wp-json\/wp\/v2\/pages\/160","targetHints":{"allow":["GET"]}}],"collection":[{"href":"https:\/\/corbanaexport.co\/en\/wp-json\/wp\/v2\/pages"}],"about":[{"href":"https:\/\/corbanaexport.co\/en\/wp-json\/wp\/v2\/types\/page"}],"author":[{"embeddable":true,"href":"https:\/\/corbanaexport.co\/en\/wp-json\/wp\/v2\/users\/1"}],"replies":[{"embeddable":true,"href":"https:\/\/corbanaexport.co\/en\/wp-json\/wp\/v2\/comments?post=160"}],"version-history":[{"count":4,"href":"https:\/\/corbanaexport.co\/en\/wp-json\/wp\/v2\/pages\/160\/revisions"}],"predecessor-version":[{"id":654,"href":"https:\/\/corbanaexport.co\/en\/wp-json\/wp\/v2\/pages\/160\/revisions\/654"}],"wp:attachment":[{"href":"https:\/\/corbanaexport.co\/en\/wp-json\/wp\/v2\/media?parent=160"}],"curies":[{"name":"wp","href":"https:\/\/api.w.org\/{rel}","templated":true}]}}